{"id":300,"date":"2026-02-23T12:35:17","date_gmt":"2026-02-23T11:35:17","guid":{"rendered":"https:\/\/hotel-fantur.trend-agentur.at\/?page_id=300"},"modified":"2026-02-23T13:32:23","modified_gmt":"2026-02-23T12:32:23","slug":"datenschutz","status":"publish","type":"page","link":"https:\/\/hotel-fantur.at\/en\/datenschutz\/","title":{"rendered":"Data protection"},"content":{"rendered":"<div data-elementor-type=\"wp-page\" data-elementor-id=\"300\" class=\"elementor elementor-300\" data-elementor-post-type=\"page\">\n\t\t\t\t\t\t<section class=\"elementor-section elementor-top-section elementor-element elementor-element-2cc774f elementor-section-content-middle elementor-section-boxed elementor-section-height-default elementor-section-height-default\" data-id=\"2cc774f\" data-element_type=\"section\" data-e-type=\"section\" data-settings=\"{&quot;background_background&quot;:&quot;classic&quot;}\">\n\t\t\t\t\t\t\t<div class=\"elementor-background-overlay\"><\/div>\n\t\t\t\t\t\t\t<div class=\"elementor-container elementor-column-gap-default\">\n\t\t\t\t\t<div class=\"elementor-column elementor-col-100 elementor-top-column elementor-element elementor-element-9f23a92\" data-id=\"9f23a92\" data-element_type=\"column\" data-e-type=\"column\">\n\t\t\t<div class=\"elementor-widget-wrap elementor-element-populated\">\n\t\t\t\t\t\t<div class=\"elementor-element elementor-element-c8c9aa4 elementor-widget__width-auto elementor-invisible elementor-widget elementor-widget-heading\" data-id=\"c8c9aa4\" data-element_type=\"widget\" data-e-type=\"widget\" data-settings=\"{&quot;_animation&quot;:&quot;fadeInLeft&quot;}\" data-widget_type=\"heading.default\">\n\t\t\t\t\t<h2 class=\"elementor-heading-title elementor-size-default\">Data protection<\/h2>\t\t\t\t<\/div>\n\t\t\t\t\t<\/div>\n\t\t<\/div>\n\t\t\t\t\t<\/div>\n\t\t<\/section>\n\t\t<div class=\"elementor-element elementor-element-fe9208c e-flex e-con-boxed e-con e-parent\" data-id=\"fe9208c\" data-element_type=\"container\" data-e-type=\"container\">\n\t\t\t\t\t<div class=\"e-con-inner\">\n\t\t\t\t<div class=\"elementor-element elementor-element-db2e62c elementor-widget elementor-widget-text-editor\" data-id=\"db2e62c\" data-element_type=\"widget\" data-e-type=\"widget\" data-widget_type=\"text-editor.default\">\n\t\t\t\t\t\t\t\t\t<h3>Limitation of liability<\/h3><p>The contents of this website have been created with the greatest possible care. Ferienhotel Fantur accepts no responsibility for the currency, completeness or accuracy of the pages and content provided on this website. As a service provider, Ferienhotel Fantur is responsible for its own content and the information provided on these pages in accordance with the general laws, but is not obliged to monitor the transmitted or stored third-party information. Such content will be removed or blocked as soon as we become aware of a specific infringement. Liability is only possible from the time at which knowledge is obtained.<\/p><h3>external links<\/h3><p>The provider of the website has no influence on indirect or direct links to external websites. For this reason, the provider cannot accept any liability for this content. The respective provider of the linked website is responsible for the accuracy of the information. No legal violations were recognisable at the time of linking. If we become aware of such an infringement, the link will be removed immediately.<\/p><h3>Copyright and ancillary copyright<\/h3><p>The content published on the website, works and information provided are subject to copyright and ancillary copyright. Any kind of processing, duplication, distribution, storage and any kind of utilisation outside the limits of copyright law requires the prior written consent of the author.<\/p><h3>Data protection<\/h3><p>The protection of your personal data is of particular concern to us. We therefore process your data exclusively on the basis of the statutory provisions (GDPR 2018). In this data protection information, we inform you about the most important aspects of data processing on our website.<\/p><p>We only process personal data that you provide to us in the context of a possible order clarification, namely first name, surname, address, e-mail address and telephone number.<\/p><p>Purposes for which the personal or sensitive data are to be processed and legal basis:<br \/>Your personal data is processed for the following purposes: Processing and transmission of data as part of the provision of counselling services to clients and those involved in the counselling process, including automatically created and archived text documents (such as correspondence) in this matter. The processing is carried out on the basis of the GDPR.<\/p><p>The data you provide is required to fulfil the contract or to carry out pre-contractual measures. Without this data, for example, we cannot conclude the consultancy agreement with you. Data is only transferred to third parties for the purpose of transmitting the relevant data to our tax advisor in order to fulfil our tax obligations.<\/p><h3>Contact us<\/h3><p>When contacting us by e-mail or telephone, your details will be stored for the purpose of processing the enquiry and in the event that follow-up questions arise. Your data will then be deleted immediately, unless further enquiries or orders result from the contact.<\/p><h3>Revocation, amendments, corrections and updates<\/h3><p>Users have the right, upon request and free of charge, to receive information about the personal data that has been stored about them. In addition, they have the right to correct incorrect data, block and delete their personal data, insofar as this does not conflict with any legal obligation to retain data.<\/p><h3>Cookies<\/h3><p>Our website uses so-called cookies. These are small text files that are stored on your end device with the help of the browser. They do not cause any damage.<br \/>We use cookies to make our website more user-friendly. Some cookies remain stored on your end device until you delete them. They enable us to recognise your browser on your next visit.<br \/>If you do not want this, you can set up your browser so that it informs you about the setting of cookies and you only allow this in individual cases. If you deactivate cookies, the functionality of our website may be restricted.<\/p><h3>Your rights<\/h3><p>In principle, you have the rights to information, correction, deletion, restriction, data portability, cancellation and objection. If you believe that the processing of your data violates data protection law or your data protection rights have been violated in any other way, you can lodge a complaint with the supervisory authority. In Austria, this is the data protection authority. Before you consider taking this step, please contact us directly so that we can deal with your concern immediately and find a quick solution.<\/p><p>You can inform us of your objection using the following contact details<\/p><p>Holiday Hotel Fantur | Aicher Stra\u00dfe 96, 9220 Velden am W\u00f6rthersee | ferien@hotel-fantur.at<\/p>\t\t\t\t\t\t\t\t<\/div>\n\t\t\t\t\t<\/div>\n\t\t\t\t<\/div>\n\t\t\t\t<\/div>","protected":false},"excerpt":{"rendered":"<p>Datenschutz Haftungsbeschr\u00e4nkung Die Inhalte der Internetseite wurden mit gr\u00f6\u00dftm\u00f6glicher Sorgfalt erstellt. Ferienhotel Fantur \u00fcbernimmt bei dieser Webseite keine Gew\u00e4hr f\u00fcr die Aktualit\u00e4t, Vollst\u00e4ndigkeit und Richtigkeit der bereitgestellten Seiten und Inhalte. Als Dienstanbieter ist Ferienhotel Fantur f\u00fcr eigen Inhalte und bereitgestellte Informationen auf diesen Seiten nach den allgemeinen Gesetzen verantwortlich, jedoch nicht verpflichtend, die \u00fcbermittelten oder [&hellip;]<\/p>\n","protected":false},"author":1,"featured_media":0,"parent":0,"menu_order":0,"comment_status":"closed","ping_status":"closed","template":"elementor_header_footer","meta":{"footnotes":""},"class_list":["post-300","page","type-page","status-publish","hentry"],"_links":{"self":[{"href":"https:\/\/hotel-fantur.at\/en\/wp-json\/wp\/v2\/pages\/300","targetHints":{"allow":["GET"]}}],"collection":[{"href":"https:\/\/hotel-fantur.at\/en\/wp-json\/wp\/v2\/pages"}],"about":[{"href":"https:\/\/hotel-fantur.at\/en\/wp-json\/wp\/v2\/types\/page"}],"author":[{"embeddable":true,"href":"https:\/\/hotel-fantur.at\/en\/wp-json\/wp\/v2\/users\/1"}],"replies":[{"embeddable":true,"href":"https:\/\/hotel-fantur.at\/en\/wp-json\/wp\/v2\/comments?post=300"}],"version-history":[{"count":10,"href":"https:\/\/hotel-fantur.at\/en\/wp-json\/wp\/v2\/pages\/300\/revisions"}],"predecessor-version":[{"id":334,"href":"https:\/\/hotel-fantur.at\/en\/wp-json\/wp\/v2\/pages\/300\/revisions\/334"}],"wp:attachment":[{"href":"https:\/\/hotel-fantur.at\/en\/wp-json\/wp\/v2\/media?parent=300"}],"curies":[{"name":"wp","href":"https:\/\/api.w.org\/{rel}","templated":true}]}}