{"id":139,"date":"2026-02-04T14:33:03","date_gmt":"2026-02-04T13:33:03","guid":{"rendered":"https:\/\/hotel-fantur.trend-agentur.at\/?page_id=139"},"modified":"2026-03-25T19:28:19","modified_gmt":"2026-03-25T18:28:19","slug":"preise","status":"publish","type":"page","link":"https:\/\/hotel-fantur.at\/en\/preise\/","title":{"rendered":"Prices 2026"},"content":{"rendered":"<div data-elementor-type=\"wp-page\" data-elementor-id=\"139\" class=\"elementor elementor-139\" data-elementor-post-type=\"page\">\n\t\t\t\t\t\t<section class=\"elementor-section elementor-top-section elementor-element elementor-element-feb5b8d elementor-section-boxed elementor-section-height-default elementor-section-height-default\" data-id=\"feb5b8d\" data-element_type=\"section\" data-e-type=\"section\" data-settings=\"{&quot;background_background&quot;:&quot;classic&quot;}\">\n\t\t\t\t\t\t\t<div class=\"elementor-background-overlay\"><\/div>\n\t\t\t\t\t\t\t<div class=\"elementor-container elementor-column-gap-default\">\n\t\t\t\t\t<div class=\"elementor-column elementor-col-100 elementor-top-column elementor-element elementor-element-63af1c2\" data-id=\"63af1c2\" data-element_type=\"column\" data-e-type=\"column\">\n\t\t\t<div class=\"elementor-widget-wrap elementor-element-populated\">\n\t\t\t\t\t\t<div class=\"elementor-element elementor-element-8c1756b elementor-widget__width-auto elementor-invisible elementor-widget elementor-widget-heading\" data-id=\"8c1756b\" data-element_type=\"widget\" data-e-type=\"widget\" data-settings=\"{&quot;_animation&quot;:&quot;fadeInLeft&quot;}\" data-widget_type=\"heading.default\">\n\t\t\t\t\t<h2 class=\"elementor-heading-title elementor-size-default\">Our prices 2026<\/h2>\t\t\t\t<\/div>\n\t\t\t\t\t<\/div>\n\t\t<\/div>\n\t\t\t\t\t<\/div>\n\t\t<\/section>\n\t\t<div class=\"elementor-element elementor-element-151af2c e-flex e-con-boxed e-con e-parent\" data-id=\"151af2c\" data-element_type=\"container\" data-e-type=\"container\">\n\t\t\t\t\t<div class=\"e-con-inner\">\n\t\t<div class=\"elementor-element elementor-element-32c7571 e-con-full e-flex e-con e-child\" data-id=\"32c7571\" data-element_type=\"container\" data-e-type=\"container\">\n\t\t<div class=\"elementor-element elementor-element-6c5800a e-con-full e-flex e-con e-child\" data-id=\"6c5800a\" data-element_type=\"container\" data-e-type=\"container\">\n\t\t\t\t<div class=\"elementor-element elementor-element-a1707cc elementor-widget elementor-widget-heading\" data-id=\"a1707cc\" data-element_type=\"widget\" data-e-type=\"widget\" data-widget_type=\"heading.default\">\n\t\t\t\t\t<h2 class=\"elementor-heading-title elementor-size-default\">hotel fantur<\/h2>\t\t\t\t<\/div>\n\t\t\t\t<div class=\"elementor-element elementor-element-5f34ba2 elementor-widget elementor-widget-heading\" data-id=\"5f34ba2\" data-element_type=\"widget\" data-e-type=\"widget\" data-widget_type=\"heading.default\">\n\t\t\t\t\t<h2 class=\"elementor-heading-title elementor-size-default\">Our prices 2026<\/h2>\t\t\t\t<\/div>\n\t\t\t\t<div class=\"elementor-element elementor-element-90d15c5 elementor-widget elementor-widget-text-editor\" data-id=\"90d15c5\" data-element_type=\"widget\" data-e-type=\"widget\" data-widget_type=\"text-editor.default\">\n\t\t\t\t\t\t\t\t\t<p>Our prices are <strong>per person<\/strong> <strong>and night<\/strong>, included <strong>Half board<\/strong> (breakfast buffet and evening menu of your choice with salad buffet), excluding <strong>Local tax<\/strong> (currently \u20ac 2.70 per person\/night from the age of 16).<\/p>\t\t\t\t\t\t\t\t<\/div>\n\t\t\t\t<div class=\"elementor-element elementor-element-bf52029 elementor-widget elementor-widget-text-editor\" data-id=\"bf52029\" data-element_type=\"widget\" data-e-type=\"widget\" data-widget_type=\"text-editor.default\">\n\t\t\t\t\t\t\t\t\t<p><strong>Open from April to October<\/strong><\/p>\t\t\t\t\t\t\t\t<\/div>\n\t\t\t\t<\/div>\n\t\t<div class=\"elementor-element elementor-element-8ff44fb e-con-full e-flex e-con e-child\" data-id=\"8ff44fb\" data-element_type=\"container\" data-e-type=\"container\">\n\t\t\t\t<div class=\"elementor-element elementor-element-322dc47 elementor-widget elementor-widget-image\" data-id=\"322dc47\" data-element_type=\"widget\" data-e-type=\"widget\" data-widget_type=\"image.default\">\n\t\t\t\t\t\t\t\t\t\t\t\t\t\t\t<img fetchpriority=\"high\" decoding=\"async\" width=\"800\" height=\"534\" src=\"https:\/\/hotel-fantur.at\/wp-content\/uploads\/2026\/02\/hero-3-1024x683.png\" class=\"attachment-large size-large wp-image-195\" alt=\"\" srcset=\"https:\/\/hotel-fantur.at\/wp-content\/uploads\/2026\/02\/hero-3-1024x683.png 1024w, https:\/\/hotel-fantur.at\/wp-content\/uploads\/2026\/02\/hero-3-300x200.png 300w, https:\/\/hotel-fantur.at\/wp-content\/uploads\/2026\/02\/hero-3-768x512.png 768w, https:\/\/hotel-fantur.at\/wp-content\/uploads\/2026\/02\/hero-3.png 1080w\" sizes=\"(max-width: 800px) 100vw, 800px\" \/>\t\t\t\t\t\t\t\t\t\t\t\t\t\t\t<\/div>\n\t\t\t\t<\/div>\n\t\t\t\t<\/div>\n\t\t<div class=\"elementor-element elementor-element-2d4fdeb e-con-full e-flex e-con e-child\" data-id=\"2d4fdeb\" data-element_type=\"container\" data-e-type=\"container\">\n\t\t\t\t<div class=\"elementor-element elementor-element-7890652 elementor-widget elementor-widget-shortcode\" data-id=\"7890652\" data-element_type=\"widget\" data-e-type=\"widget\" data-widget_type=\"shortcode.default\">\n\t\t\t\t\t\t\t<div class=\"elementor-shortcode\">\t\t<div data-elementor-type=\"container\" data-elementor-id=\"442\" class=\"elementor elementor-442\" data-elementor-post-type=\"elementor_library\">\n\t\t\t\t<div class=\"elementor-element elementor-element-a9d494a e-flex e-con-boxed e-con e-parent\" data-id=\"a9d494a\" data-element_type=\"container\" data-e-type=\"container\">\n\t\t\t\t\t<div class=\"e-con-inner\">\n\t\t\t\t<div class=\"elementor-element elementor-element-e3a13fe elementor-widget elementor-widget-heading\" data-id=\"e3a13fe\" data-element_type=\"widget\" data-e-type=\"widget\" data-widget_type=\"heading.default\">\n\t\t\t\t\t<h4 class=\"elementor-heading-title elementor-size-default\">Room rates per person\/night<\/h4>\t\t\t\t<\/div>\n\t\t\t\t<div class=\"elementor-element elementor-element-b6d3ec0 elementor-widget elementor-widget-html\" data-id=\"b6d3ec0\" data-element_type=\"widget\" data-e-type=\"widget\" data-widget_type=\"html.default\">\n\t\t\t\t\t<!-- Tabelle 1: Zimmerpreise pro Person\/Nacht -->\r\n<table class=\"hotel-prices-table\" style=\"width:100%; border-collapse:collapse; margin:20px 0;\">\r\n<thead>\r\n<tr>\r\n<th style=\"text-align:left; border:1px solid #ddd; padding:12px; background:#f6f6f6;\">Room category<\/th>\r\n<th style=\"text-align:center; border:1px solid #ddd; padding:12px; background:#f6f6f6;\">April, May, June, September, October<\/th>\r\n<th style=\"text-align:center; border:1px solid #ddd; padding:12px; background:#f6f6f6;\">July and August<\/th>\r\n<\/tr>\r\n<\/thead>\r\n<tbody>\r\n<tr>\r\n<td style=\"border:1px solid #ddd; padding:12px;\">Room with living area, shower, hairdryer, WC, balcony, telephone, TV<\/td>\r\n<td style=\"border:1px solid #ddd; padding:12px; text-align:center;\">\u20ac 90,00<\/td>\r\n<td style=\"border:1px solid #ddd; padding:12px; text-align:center;\">\u20ac 96,00<\/td>\r\n<\/tr>\r\n<tr>\r\n<td style=\"border:1px solid #ddd; padding:12px;\">Room with bath or shower, hairdryer, WC, anteroom, balcony, telephone, TV<\/td>\r\n<td style=\"border:1px solid #ddd; padding:12px; text-align:center;\">\u20ac 84,00<\/td>\r\n<td style=\"border:1px solid #ddd; padding:12px; text-align:center;\">\u20ac 90,00<\/td>\r\n<\/tr>\r\n<tr>\r\n<td style=\"border:1px solid #ddd; padding:12px;\">Room with shower, hairdryer, WC, balcony, telephone, TV<\/td>\r\n<td style=\"border:1px solid #ddd; padding:12px; text-align:center;\">\u20ac 78,00<\/td>\r\n<td style=\"border:1px solid #ddd; padding:12px; text-align:center;\">\u20ac 84,00<\/td>\r\n<\/tr>\r\n<\/tbody>\r\n<\/table>\r\n\t\t\t\t<\/div>\n\t\t\t\t\t<\/div>\n\t\t\t\t<\/div>\n\t\t<div class=\"elementor-element elementor-element-183e005 e-flex e-con-boxed e-con e-parent\" data-id=\"183e005\" data-element_type=\"container\" data-e-type=\"container\">\n\t\t\t\t\t<div class=\"e-con-inner\">\n\t\t\t\t<div class=\"elementor-element elementor-element-f71bcf9 elementor-widget elementor-widget-heading\" data-id=\"f71bcf9\" data-element_type=\"widget\" data-e-type=\"widget\" data-widget_type=\"heading.default\">\n\t\t\t\t\t<h4 class=\"elementor-heading-title elementor-size-default\">Surcharges &amp; discounts<\/h4>\t\t\t\t<\/div>\n\t\t\t\t<div class=\"elementor-element elementor-element-b6b56e2 elementor-widget elementor-widget-html\" data-id=\"b6b56e2\" data-element_type=\"widget\" data-e-type=\"widget\" data-widget_type=\"html.default\">\n\t\t\t\t\t<!-- Tabelle 2: Zuschl\u00e4ge & Erm\u00e4\u00dfigungen -->\r\n<table class=\"hotel-prices-table\" style=\"width:100%; border-collapse:collapse; margin:20px 0;\">\r\n<thead>\r\n<tr>\r\n<th style=\"text-align:left; border:1px solid #ddd; padding:12px; background:#f6f6f6;\">Position<\/th>\r\n<th style=\"text-align:left; border:1px solid #ddd; padding:12px; background:#f6f6f6;\">Price \/ regulation<\/th>\r\n<\/tr>\r\n<\/thead>\r\n<tbody>\r\n<tr>\r\n<td style=\"border:1px solid #ddd; padding:12px;\">Single room supplement per night<\/td>\r\n<td style=\"border:1px solid #ddd; padding:12px;\">\u20ac 22,00<\/td>\r\n<\/tr>\r\n<tr>\r\n<td style=\"border:1px solid #ddd; padding:12px;\">Extra bed (3rd and 4th person) in double room with living area<\/td>\r\n<td style=\"border:1px solid #ddd; padding:12px;\">\u20ac 56.00 (low season) \/ \u20ac 60.00 (July &amp; August)<\/td>\r\n<\/tr>\r\n<tr>\r\n<td style=\"border:1px solid #ddd; padding:12px;\">Reduction for children up to 5 years<\/td>\r\n<td style=\"border:1px solid #ddd; padding:12px;\">free of charge<\/td>\r\n<\/tr>\r\n<tr>\r\n<td style=\"border:1px solid #ddd; padding:12px;\">Reduction for children 6-12 years<\/td>\r\n<td style=\"border:1px solid #ddd; padding:12px;\">minus \u20ac 10,00 from the additional bed price<\/td>\r\n<\/tr>\r\n<tr>\r\n<td style=\"border:1px solid #ddd; padding:12px;\">Overnight stay with breakfast<\/td>\r\n<td style=\"border:1px solid #ddd; padding:12px;\">minus \u20ac 20,00 (deduction from the half-board price)<\/td>\r\n<\/tr>\r\n<tr>\r\n<td style=\"border:1px solid #ddd; padding:12px;\">For stays of less than 3 nights<\/td>\r\n<td style=\"border:1px solid #ddd; padding:12px;\">plus 10 % surcharge<\/td>\r\n<\/tr>\r\n<tr>\r\n<td style=\"border:1px solid #ddd; padding:12px;\">Dog fee per dog and night (without food)<\/td>\r\n<td style=\"border:1px solid #ddd; padding:12px;\">\u20ac 10,00<\/td>\r\n<\/tr>\r\n<\/tbody>\r\n<\/table>\r\n\t\t\t\t<\/div>\n\t\t\t\t\t<\/div>\n\t\t\t\t<\/div>\n\t\t<div class=\"elementor-element elementor-element-078e780 e-flex e-con-boxed e-con e-parent\" data-id=\"078e780\" data-element_type=\"container\" data-e-type=\"container\">\n\t\t\t\t\t<div class=\"e-con-inner\">\n\t\t\t\t<div class=\"elementor-element elementor-element-da31eac elementor-widget elementor-widget-heading\" data-id=\"da31eac\" data-element_type=\"widget\" data-e-type=\"widget\" data-widget_type=\"heading.default\">\n\t\t\t\t\t<h4 class=\"elementor-heading-title elementor-size-default\">Included services &amp; important information<\/h4>\t\t\t\t<\/div>\n\t\t\t\t<div class=\"elementor-element elementor-element-7139135 elementor-widget elementor-widget-html\" data-id=\"7139135\" data-element_type=\"widget\" data-e-type=\"widget\" data-widget_type=\"html.default\">\n\t\t\t\t\t<!-- Tabelle 3: Inklusivleistungen & Wichtige Hinweise -->\r\n<table class=\"hotel-info-table\" style=\"width:100%; border-collapse:collapse; margin:20px 0; background:#ffffff;\">\r\n<thead>\r\n<tr>\r\n<th style=\"text-align:left; border:1px solid #ddd; padding:12px; background:#f6f6f6;\">Range<\/th>\r\n<th style=\"text-align:left; border:1px solid #ddd; padding:12px; background:#f6f6f6;\">details<\/th>\r\n<\/tr>\r\n<\/thead>\r\n<tbody>\r\n<tr style=\"background:#ffffff;\">\r\n<td style=\"border:1px solid #ddd; padding:12px; vertical-align:top; background:#ffffff;\"><strong>Included services<\/strong><\/td>\r\n<td style=\"border:1px solid #ddd; padding:12px; background:#ffffff;\">\r\nThe price includes\r\n<ul style=\"margin:8px 0 0 18px; padding:0;\">\r\n<li>Lift<\/li>\r\n<li>Indoor swimming pool<\/li>\r\n<li>Finnish sauna<\/li>\r\n<li>Steam bath<\/li>\r\n<li>Outdoor pool<\/li>\r\n<li>Table tennis<\/li>\r\n<li>Use of tennis courts<\/li>\r\n<li>K\u00e4rnten Card (free or reduced admission to over 100 excursion destinations)<\/li>\r\n<\/ul>\r\n<\/td>\r\n<\/tr>\r\n<tr style=\"background:#ffffff;\">\r\n<td style=\"border:1px solid #ddd; padding:12px; vertical-align:top; background:#ffffff;\"><strong>Important notes<\/strong><\/td>\r\n<td style=\"border:1px solid #ddd; padding:12px; background:#ffffff;\">\r\n<ul style=\"margin:0 0 0 18px; padding:0;\">\r\n<li>Pets are not allowed in the dining room.<\/li>\r\n<li>Please vacate the room by 10:00 am on the day of departure.<\/li>\r\n<li>Payment is possible in cash or by card.<\/li>\r\n<li>The Austrian Hotel Contract Conditions apply.<\/li>\r\n<\/ul>\r\n<\/td>\r\n<\/tr>\r\n<\/tbody>\r\n<\/table>\r\n\t\t\t\t<\/div>\n\t\t\t\t\t<\/div>\n\t\t\t\t<\/div>\n\t\t\t\t<\/div>\n\t\t<\/div>\n\t\t\t\t\t\t<\/div>\n\t\t\t\t<\/div>\n\t\t<div class=\"elementor-element elementor-element-b6a3999 e-con-full e-flex e-con e-child\" data-id=\"b6a3999\" data-element_type=\"container\" data-e-type=\"container\">\n\t\t\t\t<div class=\"elementor-element elementor-element-3d5a8c2 elementor-align-center elementor-invisible elementor-widget elementor-widget-button\" data-id=\"3d5a8c2\" data-element_type=\"widget\" data-e-type=\"widget\" data-settings=\"{&quot;_animation&quot;:&quot;fadeInLeft&quot;}\" data-widget_type=\"button.default\">\n\t\t\t\t\t\t\t\t\t\t<a class=\"elementor-button elementor-button-link elementor-size-sm\" href=\"https:\/\/hotel-fantur.at\/en\/buchung\/\">\n\t\t\t\t\t\t<span class=\"elementor-button-content-wrapper\">\n\t\t\t\t\t\t\t\t\t<span class=\"elementor-button-text\">Send direct enquiry<\/span>\n\t\t\t\t\t<\/span>\n\t\t\t\t\t<\/a>\n\t\t\t\t\t\t\t\t<\/div>\n\t\t\t\t<\/div>\n\t\t<div class=\"elementor-element elementor-element-dcbffa9 e-con-full e-flex e-con e-child\" data-id=\"dcbffa9\" data-element_type=\"container\" data-e-type=\"container\">\n\t\t\t\t<div class=\"elementor-element elementor-element-27147fe elementor-widget elementor-widget-gallery\" data-id=\"27147fe\" data-element_type=\"widget\" data-e-type=\"widget\" data-settings=\"{&quot;gallery_layout&quot;:&quot;justified&quot;,&quot;overlay_title&quot;:&quot;description&quot;,&quot;overlay_description&quot;:&quot;caption&quot;,&quot;lazyload&quot;:&quot;yes&quot;,&quot;ideal_row_height&quot;:{&quot;unit&quot;:&quot;px&quot;,&quot;size&quot;:200,&quot;sizes&quot;:[]},&quot;ideal_row_height_tablet&quot;:{&quot;unit&quot;:&quot;px&quot;,&quot;size&quot;:150,&quot;sizes&quot;:[]},&quot;ideal_row_height_mobile&quot;:{&quot;unit&quot;:&quot;px&quot;,&quot;size&quot;:150,&quot;sizes&quot;:[]},&quot;gap&quot;:{&quot;unit&quot;:&quot;px&quot;,&quot;size&quot;:10,&quot;sizes&quot;:[]},&quot;gap_tablet&quot;:{&quot;unit&quot;:&quot;px&quot;,&quot;size&quot;:10,&quot;sizes&quot;:[]},&quot;gap_mobile&quot;:{&quot;unit&quot;:&quot;px&quot;,&quot;size&quot;:10,&quot;sizes&quot;:[]},&quot;overlay_background&quot;:&quot;yes&quot;,&quot;content_hover_animation&quot;:&quot;fade-in&quot;}\" data-widget_type=\"gallery.default\">\n\t\t\t\t\t\t\t<div class=\"elementor-gallery__container\">\n\t\t\t\t\t\t\t<div class=\"e-gallery-item elementor-gallery-item elementor-animated-content\" tabindex=\"0\">\n\t\t\t\t\t<div class=\"e-gallery-image elementor-gallery-item__image\" data-thumbnail=\"https:\/\/hotel-fantur.at\/wp-content\/uploads\/2026\/03\/Gemini_Generated_Image_vs0040vs0040vs00-e1774009292572.png\" data-width=\"1010\" data-height=\"666\" aria-label=\"\" role=\"img\" ><\/div>\n\t\t\t\t\t\t\t\t\t\t\t<div class=\"elementor-gallery-item__overlay\"><\/div>\n\t\t\t\t\t\t\t\t\t\t\t\t\t\t\t<div class=\"elementor-gallery-item__content\">\n\t\t\t\t\t\t\t\t\t\t\t\t\t\t<div class=\"elementor-gallery-item__description\">\n\t\t\t\t\t\t\t\t\t\t\t\t\t\t\t\t\t\tPyramidenkogel \t\t\t\t\t\t\t\t<\/div>\n\t\t\t\t\t\t\t\t\t\t\t\t<\/div>\n\t\t\t\t\t\t\t\t\t<\/div>\n\t\t\t\t\t\t\t<div class=\"e-gallery-item elementor-gallery-item elementor-animated-content\" tabindex=\"0\">\n\t\t\t\t\t<div class=\"e-gallery-image elementor-gallery-item__image\" data-thumbnail=\"https:\/\/hotel-fantur.at\/wp-content\/uploads\/2026\/02\/landhotel-fantur-veldener-bucht-e14336206406171.jpeg\" data-width=\"800\" data-height=\"436\" aria-label=\"\" role=\"img\" ><\/div>\n\t\t\t\t\t\t\t\t\t\t\t<div class=\"elementor-gallery-item__overlay\"><\/div>\n\t\t\t\t\t\t\t\t\t\t\t\t\t\t\t<div class=\"elementor-gallery-item__content\">\n\t\t\t\t\t\t\t\t\t\t\t\t\t\t<div class=\"elementor-gallery-item__description\">\n\t\t\t\t\t\t\t\t\t\t\t\t\t\t\t\t\t\tVelden Bay\t\t\t\t\t\t\t\t<\/div>\n\t\t\t\t\t\t\t\t\t\t\t\t<\/div>\n\t\t\t\t\t\t\t\t\t<\/div>\n\t\t\t\t\t\t\t<div class=\"e-gallery-item elementor-gallery-item elementor-animated-content\" tabindex=\"0\">\n\t\t\t\t\t<div class=\"e-gallery-image elementor-gallery-item__image\" data-thumbnail=\"https:\/\/hotel-fantur.at\/wp-content\/uploads\/2026\/02\/santa-lucia_11.jpg\" data-width=\"600\" data-height=\"400\" aria-label=\"\" role=\"img\" ><\/div>\n\t\t\t\t\t\t\t\t\t\t\t<div class=\"elementor-gallery-item__overlay\"><\/div>\n\t\t\t\t\t\t\t\t\t\t\t\t\t\t\t<div class=\"elementor-gallery-item__content\">\n\t\t\t\t\t\t\t\t\t\t\t\t\t\t<div class=\"elementor-gallery-item__description\">\n\t\t\t\t\t\t\t\t\t\t\t\t\t\t\t\t\t\tSanta Lucia\t\t\t\t\t\t\t\t<\/div>\n\t\t\t\t\t\t\t\t\t\t\t\t<\/div>\n\t\t\t\t\t\t\t\t\t<\/div>\n\t\t\t\t\t\t\t<div class=\"e-gallery-item elementor-gallery-item elementor-animated-content\" tabindex=\"0\">\n\t\t\t\t\t<div class=\"e-gallery-image elementor-gallery-item__image\" data-thumbnail=\"https:\/\/hotel-fantur.at\/wp-content\/uploads\/2026\/02\/veldner-bucht_11.jpg\" data-width=\"600\" data-height=\"400\" aria-label=\"\" role=\"img\" ><\/div>\n\t\t\t\t\t\t\t\t\t\t\t<div class=\"elementor-gallery-item__overlay\"><\/div>\n\t\t\t\t\t\t\t\t\t\t\t\t\t\t\t<div class=\"elementor-gallery-item__content\">\n\t\t\t\t\t\t\t\t\t\t\t\t\t\t<div class=\"elementor-gallery-item__description\">\n\t\t\t\t\t\t\t\t\t\t\t\t\t\t\t\t\t\tVelden Bay\t\t\t\t\t\t\t\t<\/div>\n\t\t\t\t\t\t\t\t\t\t\t\t<\/div>\n\t\t\t\t\t\t\t\t\t<\/div>\n\t\t\t\t\t<\/div>\n\t\t\t\t\t<\/div>\n\t\t\t\t<\/div>\n\t\t\t\t\t<\/div>\n\t\t\t\t<\/div>\n\t\t\t\t<\/div>","protected":false},"excerpt":{"rendered":"<p>Unsere Preise 2026 hotel fantur Unsere Preise 2026 Unsere Preise verstehen sich pro Person und Nacht, inklusive Halbpension (Fr\u00fchst\u00fccksbuffet sowie abends Wahlmen\u00fc mit Salatbuffet), exklusive Ortstaxe (derzeit \u20ac 2,70 pro Person\/Nacht ab 16 Jahren). Ge\u00f6ffnet von April bis Oktober Direktanfrage senden Pyramidenkogel Veldener Bucht Santa Lucia Veldener Bucht<\/p>","protected":false},"author":1,"featured_media":0,"parent":0,"menu_order":0,"comment_status":"closed","ping_status":"closed","template":"elementor_header_footer","meta":{"footnotes":""},"class_list":["post-139","page","type-page","status-publish","hentry"],"_links":{"self":[{"href":"https:\/\/hotel-fantur.at\/en\/wp-json\/wp\/v2\/pages\/139","targetHints":{"allow":["GET"]}}],"collection":[{"href":"https:\/\/hotel-fantur.at\/en\/wp-json\/wp\/v2\/pages"}],"about":[{"href":"https:\/\/hotel-fantur.at\/en\/wp-json\/wp\/v2\/types\/page"}],"author":[{"embeddable":true,"href":"https:\/\/hotel-fantur.at\/en\/wp-json\/wp\/v2\/users\/1"}],"replies":[{"embeddable":true,"href":"https:\/\/hotel-fantur.at\/en\/wp-json\/wp\/v2\/comments?post=139"}],"version-history":[{"count":56,"href":"https:\/\/hotel-fantur.at\/en\/wp-json\/wp\/v2\/pages\/139\/revisions"}],"predecessor-version":[{"id":912,"href":"https:\/\/hotel-fantur.at\/en\/wp-json\/wp\/v2\/pages\/139\/revisions\/912"}],"wp:attachment":[{"href":"https:\/\/hotel-fantur.at\/en\/wp-json\/wp\/v2\/media?parent=139"}],"curies":[{"name":"wp","href":"https:\/\/api.w.org\/{rel}","templated":true}]}}