{"id":137,"date":"2026-02-04T14:32:27","date_gmt":"2026-02-04T13:32:27","guid":{"rendered":"https:\/\/hotel-fantur.trend-agentur.at\/?page_id=137"},"modified":"2026-03-20T13:56:41","modified_gmt":"2026-03-20T12:56:41","slug":"impressum","status":"publish","type":"page","link":"https:\/\/hotel-fantur.at\/en\/impressum\/","title":{"rendered":"Imprint"},"content":{"rendered":"<div data-elementor-type=\"wp-page\" data-elementor-id=\"137\" class=\"elementor elementor-137\" data-elementor-post-type=\"page\">\n\t\t\t\t\t\t<section class=\"elementor-section elementor-top-section elementor-element elementor-element-3d2a1d8 elementor-hidden-desktop elementor-hidden-tablet elementor-hidden-mobile elementor-section-boxed elementor-section-height-default elementor-section-height-default\" data-id=\"3d2a1d8\" data-element_type=\"section\" data-e-type=\"section\">\n\t\t\t\t\t\t<div class=\"elementor-container elementor-column-gap-default\">\n\t\t\t\t\t<div class=\"elementor-column elementor-col-100 elementor-top-column elementor-element elementor-element-1a0f8bc\" data-id=\"1a0f8bc\" data-element_type=\"column\" data-e-type=\"column\">\n\t\t\t<div class=\"elementor-widget-wrap elementor-element-populated\">\n\t\t\t\t\t\t<section class=\"elementor-section elementor-inner-section elementor-element elementor-element-e2c9ed6 elementor-section-boxed elementor-section-height-default elementor-section-height-default\" data-id=\"e2c9ed6\" data-element_type=\"section\" data-e-type=\"section\">\n\t\t\t\t\t\t<div class=\"elementor-container elementor-column-gap-default\">\n\t\t\t\t\t<div class=\"elementor-column elementor-col-50 elementor-inner-column elementor-element elementor-element-f8b8b5d elementor-invisible\" data-id=\"f8b8b5d\" data-element_type=\"column\" data-e-type=\"column\" data-settings=\"{&quot;animation&quot;:&quot;fadeInLeft&quot;,&quot;background_background&quot;:&quot;classic&quot;}\">\n\t\t\t<div class=\"elementor-widget-wrap elementor-element-populated\">\n\t\t\t\t\t\t<div class=\"elementor-element elementor-element-bcf4ea9 elementor-widget elementor-widget-elementskit-heading\" data-id=\"bcf4ea9\" data-element_type=\"widget\" data-e-type=\"widget\" data-widget_type=\"elementskit-heading.default\">\n\t\t\t\t\t<div class=\"ekit-wid-con\" ><div class=\"ekit-heading elementskit-section-title-wraper text_left   ekit_heading_tablet-   ekit_heading_mobile-\"><h2 class=\"ekit-heading--title elementskit-section-title\">Hotel Fantur<\/h2><\/div><\/div>\t\t\t\t<\/div>\n\t\t\t\t<div class=\"elementor-element elementor-element-5ed4bdb elementor-widget elementor-widget-text-editor\" data-id=\"5ed4bdb\" data-element_type=\"widget\" data-e-type=\"widget\" data-widget_type=\"text-editor.default\">\n\t\t\t\t\t\t\t\t\t<div class=\"street\" data-nosnippet=\"true\">Alexander Fantur<\/div>\t\t\t\t\t\t\t\t<\/div>\n\t\t\t\t<div class=\"elementor-element elementor-element-3c845b4 elementor-widget-divider--view-line elementor-widget elementor-widget-divider\" data-id=\"3c845b4\" data-element_type=\"widget\" data-e-type=\"widget\" data-widget_type=\"divider.default\">\n\t\t\t\t\t\t\t<div class=\"elementor-divider\">\n\t\t\t<span class=\"elementor-divider-separator\">\n\t\t\t\t\t\t<\/span>\n\t\t<\/div>\n\t\t\t\t\t\t<\/div>\n\t\t\t\t<div class=\"elementor-element elementor-element-8e252f9 elementor-widget elementor-widget-text-editor\" data-id=\"8e252f9\" data-element_type=\"widget\" data-e-type=\"widget\" data-widget_type=\"text-editor.default\">\n\t\t\t\t\t\t\t\t\t<div class=\"street\" data-nosnippet=\"true\">\n\n9220 Velden am W\u00f6rthersee<br>Aicher Street 96\n\n<\/div>\t\t\t\t\t\t\t\t<\/div>\n\t\t\t\t<div class=\"elementor-element elementor-element-df96d91 elementor-widget elementor-widget-text-editor\" data-id=\"df96d91\" data-element_type=\"widget\" data-e-type=\"widget\" data-widget_type=\"text-editor.default\">\n\t\t\t\t\t\t\t\t\t<div class=\"street\" data-nosnippet=\"true\"><dl class=\"company-data-list\"><dt class=\"col-sm-5\">UID: ATU70046737<\/dt><dt>Member of the Carinthian Chamber of Commerce<\/dt><\/dl><\/div>\t\t\t\t\t\t\t\t<\/div>\n\t\t\t\t<div class=\"elementor-element elementor-element-5ab3f66 elementor-widget elementor-widget-text-editor\" data-id=\"5ab3f66\" data-element_type=\"widget\" data-e-type=\"widget\" data-widget_type=\"text-editor.default\">\n\t\t\t\t\t\t\t\t\t<div class=\"street\" data-nosnippet=\"true\"><dl class=\"company-data-list\"><dt class=\"col-sm-5\">Open from the end of April to the beginning of October<\/dt><\/dl><\/div>\t\t\t\t\t\t\t\t<\/div>\n\t\t\t\t<div class=\"elementor-element elementor-element-2ace179 elementor-widget-divider--view-line elementor-widget elementor-widget-divider\" data-id=\"2ace179\" data-element_type=\"widget\" data-e-type=\"widget\" data-widget_type=\"divider.default\">\n\t\t\t\t\t\t\t<div class=\"elementor-divider\">\n\t\t\t<span class=\"elementor-divider-separator\">\n\t\t\t\t\t\t<\/span>\n\t\t<\/div>\n\t\t\t\t\t\t<\/div>\n\t\t\t\t\t<\/div>\n\t\t<\/div>\n\t\t\t\t<div class=\"elementor-column elementor-col-50 elementor-inner-column elementor-element elementor-element-a1cc49a elementor-invisible\" data-id=\"a1cc49a\" data-element_type=\"column\" data-e-type=\"column\" data-settings=\"{&quot;animation&quot;:&quot;fadeInRight&quot;}\">\n\t\t\t<div class=\"elementor-widget-wrap elementor-element-populated\">\n\t\t\t\t\t\t<div class=\"elementor-element elementor-element-eb7d252 elementor-widget elementor-widget-theme-site-logo elementor-widget-image\" data-id=\"eb7d252\" data-element_type=\"widget\" data-e-type=\"widget\" data-widget_type=\"theme-site-logo.default\">\n\t\t\t\t\t\t\t\t\t\t\t<a href=\"https:\/\/hotel-fantur.at\/en\">\n\t\t\t<img decoding=\"async\" width=\"317\" height=\"145\" src=\"https:\/\/hotel-fantur.at\/wp-content\/uploads\/2026\/01\/Logo-1.png\" class=\"attachment-full size-full wp-image-131\" alt=\"\" srcset=\"https:\/\/hotel-fantur.at\/wp-content\/uploads\/2026\/01\/Logo-1.png 317w, https:\/\/hotel-fantur.at\/wp-content\/uploads\/2026\/01\/Logo-1-300x137.png 300w\" sizes=\"(max-width: 317px) 100vw, 317px\" \/>\t\t\t\t<\/a>\n\t\t\t\t\t\t\t\t\t\t\t<\/div>\n\t\t\t\t\t<\/div>\n\t\t<\/div>\n\t\t\t\t\t<\/div>\n\t\t<\/section>\n\t\t\t\t\t<\/div>\n\t\t<\/div>\n\t\t\t\t\t<\/div>\n\t\t<\/section>\n\t\t<div class=\"elementor-element elementor-element-11cc986 e-flex e-con-boxed e-con e-parent\" data-id=\"11cc986\" data-element_type=\"container\" data-e-type=\"container\">\n\t\t\t\t\t<div class=\"e-con-inner\">\n\t\t<div class=\"elementor-element elementor-element-0ced4ec e-con-full e-flex e-con e-child\" data-id=\"0ced4ec\" data-element_type=\"container\" data-e-type=\"container\">\n\t\t<div class=\"elementor-element elementor-element-1daa444 e-con-full e-flex e-con e-child\" data-id=\"1daa444\" data-element_type=\"container\" data-e-type=\"container\">\n\t\t<div class=\"elementor-element elementor-element-9fbbfb6 e-con-full e-flex elementor-invisible e-con e-child\" data-id=\"9fbbfb6\" data-element_type=\"container\" data-e-type=\"container\" data-settings=\"{&quot;animation&quot;:&quot;fadeInLeft&quot;,&quot;background_background&quot;:&quot;classic&quot;}\">\n\t\t\t\t<div class=\"elementor-element elementor-element-ea176b2 elementor-widget elementor-widget-elementskit-heading\" data-id=\"ea176b2\" data-element_type=\"widget\" data-e-type=\"widget\" data-widget_type=\"elementskit-heading.default\">\n\t\t\t\t\t<div class=\"ekit-wid-con\" ><div class=\"ekit-heading elementskit-section-title-wraper text_left   ekit_heading_tablet-   ekit_heading_mobile-\"><h2 class=\"ekit-heading--title elementskit-section-title\">Hotel Fantur<\/h2><\/div><\/div>\t\t\t\t<\/div>\n\t\t\t\t<div class=\"elementor-element elementor-element-7d96dfe elementor-widget elementor-widget-text-editor\" data-id=\"7d96dfe\" data-element_type=\"widget\" data-e-type=\"widget\" data-widget_type=\"text-editor.default\">\n\t\t\t\t\t\t\t\t\t<div class=\"street\" data-nosnippet=\"true\">Alexander Fantur<\/div>\t\t\t\t\t\t\t\t<\/div>\n\t\t\t\t<div class=\"elementor-element elementor-element-f804fd3 elementor-widget-divider--view-line elementor-widget elementor-widget-divider\" data-id=\"f804fd3\" data-element_type=\"widget\" data-e-type=\"widget\" data-widget_type=\"divider.default\">\n\t\t\t\t\t\t\t<div class=\"elementor-divider\">\n\t\t\t<span class=\"elementor-divider-separator\">\n\t\t\t\t\t\t<\/span>\n\t\t<\/div>\n\t\t\t\t\t\t<\/div>\n\t\t\t\t<div class=\"elementor-element elementor-element-e3473cc elementor-widget elementor-widget-text-editor\" data-id=\"e3473cc\" data-element_type=\"widget\" data-e-type=\"widget\" data-widget_type=\"text-editor.default\">\n\t\t\t\t\t\t\t\t\t<div class=\"street\" data-nosnippet=\"true\">\n\n9220 Velden am W\u00f6rthersee<br>Aicher Street 96\n\n<\/div>\t\t\t\t\t\t\t\t<\/div>\n\t\t\t\t<div class=\"elementor-element elementor-element-47ba0cb elementor-widget elementor-widget-text-editor\" data-id=\"47ba0cb\" data-element_type=\"widget\" data-e-type=\"widget\" data-widget_type=\"text-editor.default\">\n\t\t\t\t\t\t\t\t\t<div class=\"street\" data-nosnippet=\"true\"><dl class=\"company-data-list\"><dt class=\"col-sm-5\">UID: ATU70046737<\/dt><dt>Member of the Carinthian Chamber of Commerce<\/dt><\/dl><\/div>\t\t\t\t\t\t\t\t<\/div>\n\t\t\t\t<div class=\"elementor-element elementor-element-70066e0 elementor-widget elementor-widget-text-editor\" data-id=\"70066e0\" data-element_type=\"widget\" data-e-type=\"widget\" data-widget_type=\"text-editor.default\">\n\t\t\t\t\t\t\t\t\t<div class=\"street\" data-nosnippet=\"true\"><dl class=\"company-data-list\"><dt class=\"col-sm-5\">Open from the end of April to the beginning of October<\/dt><\/dl><\/div>\t\t\t\t\t\t\t\t<\/div>\n\t\t\t\t<div class=\"elementor-element elementor-element-2cd8e5f elementor-widget-divider--view-line elementor-widget elementor-widget-divider\" data-id=\"2cd8e5f\" data-element_type=\"widget\" data-e-type=\"widget\" data-widget_type=\"divider.default\">\n\t\t\t\t\t\t\t<div class=\"elementor-divider\">\n\t\t\t<span class=\"elementor-divider-separator\">\n\t\t\t\t\t\t<\/span>\n\t\t<\/div>\n\t\t\t\t\t\t<\/div>\n\t\t\t\t<\/div>\n\t\t<div class=\"elementor-element elementor-element-3b00f30 e-con-full e-flex elementor-invisible e-con e-child\" data-id=\"3b00f30\" data-element_type=\"container\" data-e-type=\"container\" data-settings=\"{&quot;animation&quot;:&quot;fadeInRight&quot;}\">\n\t\t\t\t<div class=\"elementor-element elementor-element-e5eb0eb elementor-widget elementor-widget-theme-site-logo elementor-widget-image\" data-id=\"e5eb0eb\" data-element_type=\"widget\" data-e-type=\"widget\" data-widget_type=\"theme-site-logo.default\">\n\t\t\t\t\t\t\t\t\t\t\t<a href=\"https:\/\/hotel-fantur.at\/en\">\n\t\t\t<img decoding=\"async\" width=\"317\" height=\"145\" src=\"https:\/\/hotel-fantur.at\/wp-content\/uploads\/2026\/01\/Logo-1.png\" class=\"attachment-full size-full wp-image-131\" alt=\"\" srcset=\"https:\/\/hotel-fantur.at\/wp-content\/uploads\/2026\/01\/Logo-1.png 317w, https:\/\/hotel-fantur.at\/wp-content\/uploads\/2026\/01\/Logo-1-300x137.png 300w\" sizes=\"(max-width: 317px) 100vw, 317px\" \/>\t\t\t\t<\/a>\n\t\t\t\t\t\t\t\t\t\t\t<\/div>\n\t\t\t\t<\/div>\n\t\t\t\t<\/div>\n\t\t\t\t<\/div>\n\t\t\t\t\t<\/div>\n\t\t\t\t<\/div>\n\t\t\t\t<\/div>","protected":false},"excerpt":{"rendered":"<p>Hotel Fantur Alexander Fantur 9220 Velden am W\u00f6rtherseeAicher Stra\u00dfe 96 UID: ATU70046737 Mitglied der Wirtschaftskammer K\u00e4rnten Ge\u00f6ffnet von Ende April bis Anfang Oktober Hotel Fantur Alexander Fantur 9220 Velden am W\u00f6rtherseeAicher Stra\u00dfe 96 UID: ATU70046737 Mitglied der Wirtschaftskammer K\u00e4rnten Ge\u00f6ffnet von Ende April bis Anfang Oktober<\/p>","protected":false},"author":1,"featured_media":0,"parent":0,"menu_order":0,"comment_status":"closed","ping_status":"closed","template":"elementor_header_footer","meta":{"footnotes":""},"class_list":["post-137","page","type-page","status-publish","hentry"],"_links":{"self":[{"href":"https:\/\/hotel-fantur.at\/en\/wp-json\/wp\/v2\/pages\/137","targetHints":{"allow":["GET"]}}],"collection":[{"href":"https:\/\/hotel-fantur.at\/en\/wp-json\/wp\/v2\/pages"}],"about":[{"href":"https:\/\/hotel-fantur.at\/en\/wp-json\/wp\/v2\/types\/page"}],"author":[{"embeddable":true,"href":"https:\/\/hotel-fantur.at\/en\/wp-json\/wp\/v2\/users\/1"}],"replies":[{"embeddable":true,"href":"https:\/\/hotel-fantur.at\/en\/wp-json\/wp\/v2\/comments?post=137"}],"version-history":[{"count":19,"href":"https:\/\/hotel-fantur.at\/en\/wp-json\/wp\/v2\/pages\/137\/revisions"}],"predecessor-version":[{"id":818,"href":"https:\/\/hotel-fantur.at\/en\/wp-json\/wp\/v2\/pages\/137\/revisions\/818"}],"wp:attachment":[{"href":"https:\/\/hotel-fantur.at\/en\/wp-json\/wp\/v2\/media?parent=137"}],"curies":[{"name":"wp","href":"https:\/\/api.w.org\/{rel}","templated":true}]}}